{"id":2,"date":"2021-03-24T18:01:36","date_gmt":"2021-03-24T18:01:36","guid":{"rendered":"http:\/\/shopi.com.pa\/?page_id=2"},"modified":"2025-02-18T20:31:48","modified_gmt":"2025-02-18T20:31:48","slug":"sample-page","status":"publish","type":"page","link":"https:\/\/shopi.com.pa\/","title":{"rendered":"Shopi Pty"},"content":{"rendered":"<div class=\"wp-block-image\">\n<figure class=\"aligncenter size-full\"><img loading=\"lazy\" decoding=\"async\" width=\"920\" height=\"766\" src=\"https:\/\/shopi.com.pa\/wp-content\/uploads\/2025\/02\/2025-caja-shopi-920x766px-.jpg\" alt=\"\" class=\"wp-image-269\" srcset=\"https:\/\/shopi.com.pa\/wp-content\/uploads\/2025\/02\/2025-caja-shopi-920x766px-.jpg 920w, https:\/\/shopi.com.pa\/wp-content\/uploads\/2025\/02\/2025-caja-shopi-920x766px--300x250.jpg 300w, https:\/\/shopi.com.pa\/wp-content\/uploads\/2025\/02\/2025-caja-shopi-920x766px--768x639.jpg 768w\" sizes=\"auto, (max-width: 920px) 100vw, 920px\" \/><\/figure>\n<\/div>\n\n\n<p><strong>SHOPI<\/strong><\/p>\n\n\n\n<p>El nuevo programa de recompensas para nuestros clientes de <strong>La Onda<\/strong> y <strong>El Fuerte<\/strong>:<\/p>\n\n\n\n<p><strong>SHOPI PTY:\u00a0 <\/strong>es una<strong> aplicaci\u00f3n m\u00f3vil <\/strong>que esta disponible en <strong>Play Store y Apple Store, <\/strong> donde recibes promociones, descuentos personalizados y acumulaci\u00f3n de puntos para redimir como descuentos en sus compras.  Adicional puedes ver el registro de tus compras.<\/p>\n\n\n\n<p>Los clientes que <strong>no cuenten con tel\u00e9fonos inteligentes <\/strong>podr\u00e1n <strong>recibir una tarjeta pl\u00e1stica <\/strong>en atenci\u00f3n al cliente de cualquiera de nuestras sucursales.<\/p>\n\n\n\n<div class=\"wp-block-columns is-layout-flex wp-container-core-columns-is-layout-9d6595d7 wp-block-columns-is-layout-flex\">\n<div class=\"wp-block-column is-layout-flow wp-block-column-is-layout-flow\"><div class=\"wp-block-image\">\n<figure class=\"aligncenter size-large\"><img loading=\"lazy\" decoding=\"async\" width=\"400\" height=\"400\" src=\"https:\/\/shopi.com.pa\/wp-content\/uploads\/2021\/03\/descuentos.png\" alt=\"\" class=\"wp-image-96\" srcset=\"https:\/\/shopi.com.pa\/wp-content\/uploads\/2021\/03\/descuentos.png 400w, https:\/\/shopi.com.pa\/wp-content\/uploads\/2021\/03\/descuentos-300x300.png 300w, https:\/\/shopi.com.pa\/wp-content\/uploads\/2021\/03\/descuentos-150x150.png 150w\" sizes=\"auto, (max-width: 400px) 100vw, 400px\" \/><\/figure>\n<\/div>\n\n\n<p class=\"has-text-align-center\"><\/p>\n<\/div>\n\n\n\n<div class=\"wp-block-column is-layout-flow wp-block-column-is-layout-flow\"><div class=\"wp-block-image\">\n<figure class=\"aligncenter size-large\"><img loading=\"lazy\" decoding=\"async\" width=\"400\" height=\"400\" src=\"https:\/\/shopi.com.pa\/wp-content\/uploads\/2021\/03\/promociones.png\" alt=\"\" class=\"wp-image-97\" srcset=\"https:\/\/shopi.com.pa\/wp-content\/uploads\/2021\/03\/promociones.png 400w, https:\/\/shopi.com.pa\/wp-content\/uploads\/2021\/03\/promociones-300x300.png 300w, https:\/\/shopi.com.pa\/wp-content\/uploads\/2021\/03\/promociones-150x150.png 150w\" sizes=\"auto, (max-width: 400px) 100vw, 400px\" \/><\/figure>\n<\/div>\n\n\n<p class=\"has-text-align-center\"><\/p>\n<\/div>\n\n\n\n<div class=\"wp-block-column is-layout-flow wp-block-column-is-layout-flow\">\n<figure class=\"wp-block-image\"><img decoding=\"async\" src=\"https:\/\/shopi.com.pa\/wp-content\/uploads\/2021\/03\/ahorros.png\" alt=\"Esta imagen tiene un atributo ALT vac\u00edo; su nombre de archivo es ahorros.png\"\/><\/figure>\n\n\n\n<p class=\"has-text-align-center\"><\/p>\n\n\n\n<p class=\"has-text-align-center\"><\/p>\n<\/div>\n<\/div>\n\n\n\n<p><\/p>\n","protected":false},"excerpt":{"rendered":"<p>SHOPI El nuevo programa de recompensas para nuestros clientes de La Onda y El Fuerte: SHOPI PTY:\u00a0 es una aplicaci\u00f3n m\u00f3vil que esta disponible en Play Store y Apple Store, donde recibes promociones, descuentos personalizados y acumulaci\u00f3n de puntos para redimir como descuentos en sus compras. Adicional puedes ver el registro de tus compras. Los&#8230;<\/p>\n","protected":false},"author":1,"featured_media":0,"parent":0,"menu_order":0,"comment_status":"closed","ping_status":"open","template":"","meta":{"_kad_post_transparent":"disable","_kad_post_title":"hide","_kad_post_layout":"","_kad_post_sidebar_id":"","_kad_post_content_style":"","_kad_post_vertical_padding":"","_kad_post_feature":"","_kad_post_feature_position":"","_kad_post_header":false,"_kad_post_footer":false,"footnotes":""},"class_list":["post-2","page","type-page","status-publish","hentry"],"jetpack_sharing_enabled":true,"_links":{"self":[{"href":"https:\/\/shopi.com.pa\/index.php?rest_route=\/wp\/v2\/pages\/2","targetHints":{"allow":["GET"]}}],"collection":[{"href":"https:\/\/shopi.com.pa\/index.php?rest_route=\/wp\/v2\/pages"}],"about":[{"href":"https:\/\/shopi.com.pa\/index.php?rest_route=\/wp\/v2\/types\/page"}],"author":[{"embeddable":true,"href":"https:\/\/shopi.com.pa\/index.php?rest_route=\/wp\/v2\/users\/1"}],"replies":[{"embeddable":true,"href":"https:\/\/shopi.com.pa\/index.php?rest_route=%2Fwp%2Fv2%2Fcomments&post=2"}],"version-history":[{"count":31,"href":"https:\/\/shopi.com.pa\/index.php?rest_route=\/wp\/v2\/pages\/2\/revisions"}],"predecessor-version":[{"id":270,"href":"https:\/\/shopi.com.pa\/index.php?rest_route=\/wp\/v2\/pages\/2\/revisions\/270"}],"wp:attachment":[{"href":"https:\/\/shopi.com.pa\/index.php?rest_route=%2Fwp%2Fv2%2Fmedia&parent=2"}],"curies":[{"name":"wp","href":"https:\/\/api.w.org\/{rel}","templated":true}]}}